{"id":592,"date":"2025-06-13T11:45:57","date_gmt":"2025-06-13T11:45:57","guid":{"rendered":"https:\/\/gestoriacano.com\/?page_id=592"},"modified":"2025-09-03T09:57:47","modified_gmt":"2025-09-03T09:57:47","slug":"cita-con-carlos","status":"publish","type":"page","link":"https:\/\/gestoriacano.com\/en\/cita-con-carlos\/","title":{"rendered":"Cita con Carlos"},"content":{"rendered":"<div data-elementor-type=\"wp-page\" data-elementor-id=\"592\" class=\"elementor elementor-592\">\n\t\t\t\t<div class=\"elementor-element elementor-element-5a8e124 e-flex e-con-boxed wpr-particle-no wpr-jarallax-no wpr-parallax-no wpr-sticky-section-no e-con e-parent\" data-id=\"5a8e124\" data-element_type=\"container\" data-settings=\"{&quot;background_background&quot;:&quot;classic&quot;}\">\n\t\t\t\t\t<div class=\"e-con-inner\">\n\t\t\t\t<div class=\"elementor-element elementor-element-46b829b elementor-widget elementor-widget-heading\" data-id=\"46b829b\" data-element_type=\"widget\" data-widget_type=\"heading.default\">\n\t\t\t\t<div class=\"elementor-widget-container\">\n\t\t\t\t\t<h2 class=\"elementor-heading-title elementor-size-default\">Escoge tu cita con Pepe Cano<\/h2>\t\t\t\t<\/div>\n\t\t\t\t<\/div>\n\t\t\t\t<div class=\"elementor-element elementor-element-fec4d12 elementor-widget elementor-widget-text-editor\" data-id=\"fec4d12\" data-element_type=\"widget\" data-widget_type=\"text-editor.default\">\n\t\t\t\t<div class=\"elementor-widget-container\">\n\t\t\t\t\t\t\t\t\t<p><span style=\"color: #d5d5d5;\">En el calendario que tienes aqu\u00ed abajo, podr\u00e1s seleccionar la cita con nuestro trabajador.<\/span><br data-start=\"288\" data-end=\"291\" \/><span style=\"color: #d5d5d5;\">Si tienes dudas con el formato de 12 horas, te dejamos tambi\u00e9n un<\/span> <a href=\"#ch-convertir-hora\">selector de horas<\/a> <span style=\"color: #d5d5d5;\">justo aqu\u00ed abajo para que puedas comprobar la conversi\u00f3n al formato 24 horas.<\/span><\/p>\t\t\t\t\t\t\t\t<\/div>\n\t\t\t\t<\/div>\n\t\t\t\t\t<\/div>\n\t\t\t\t<\/div>\n\t\t<div class=\"elementor-element elementor-element-661a00e e-flex e-con-boxed wpr-particle-no wpr-jarallax-no wpr-parallax-no wpr-sticky-section-no e-con e-parent\" data-id=\"661a00e\" data-element_type=\"container\" data-settings=\"{&quot;background_background&quot;:&quot;classic&quot;}\">\n\t\t\t\t\t<div class=\"e-con-inner\">\n\t\t\t\t<div class=\"elementor-element elementor-element-d8984a0 elementor-widget elementor-widget-shortcode\" data-id=\"d8984a0\" data-element_type=\"widget\" data-widget_type=\"shortcode.default\">\n\t\t\t\t<div class=\"elementor-widget-container\">\n\t\t\t\t\t\t\t<div class=\"elementor-shortcode\"><div class=\"booked-calendar-shortcode-wrap\"><div class=\"booked-calendar-wrap large\"><div class=\"booked-calendar\"\n     data-calendar-id=\"8\" data-calendar-date=\"2026-05-01\">\n    <div class=\"bc-head\">\n\n        \n        <div class=\"bc-row top\">\n            <div class=\"bc-col\">\n                                <span class=\"calendarSavingState\">\n                    <i class=\"fa-solid fa-circle-notch fa-spin\"><\/i>\n                <\/span>\n                <span class=\"monthName\">\n                    May 2026                                    <\/span>\n                <a href=\"#\" data-goto=\"2026-06-01\" class=\"page-right\"><i\n                        class=\"fa-solid fa-arrow-right\"><\/i><\/a>            <\/div>\n        <\/div>\n        <div class=\"bc-row days\">\n                        <div class=\"bc-col\">Mon<\/div>\n            <div class=\"bc-col\">Tue<\/div>\n            <div class=\"bc-col\">Wed<\/div>\n            <div class=\"bc-col\">Thu<\/div>\n            <div class=\"bc-col\">Fri<\/div>\n                                <\/div>\n    <\/div>\n    <div class=\"bc-body\"><div class=\"bc-row week\"><div data-date=\"2026-04-27\" class=\"bc-col prev-month prev-date\"><span class=\"date\"><span class=\"number\">27<\/span><\/span><\/div><div data-date=\"2026-04-28\" class=\"bc-col prev-month prev-date\"><span class=\"date\"><span class=\"number\">28<\/span><\/span><\/div><div data-date=\"2026-04-29\" class=\"bc-col prev-month prev-date\"><span class=\"date\"><span class=\"number\">29<\/span><\/span><\/div><div data-date=\"2026-04-30\" class=\"bc-col prev-month prev-date\"><span class=\"date\"><span class=\"number\">30<\/span><\/span><\/div><div data-date=\"2026-05-1\" class=\"bc-col prev-date\"><span class=\"date\"><span class=\"number\">1<\/span><\/span><\/div><\/div><div class=\"bc-row week\"><div data-date=\"2026-05-4\" class=\"bc-col\"><span class=\"date tooltipster\" title=\"5 citas disponibles\"><span class=\"number\">4<\/span><\/span><\/div><div data-date=\"2026-05-5\" class=\"bc-col\"><span class=\"date tooltipster\" title=\"8 citas disponibles\"><span class=\"number\">5<\/span><\/span><\/div><div data-date=\"2026-05-6\" class=\"bc-col\"><span class=\"date tooltipster\" title=\"8 citas disponibles\"><span class=\"number\">6<\/span><\/span><\/div><div data-date=\"2026-05-7\" class=\"bc-col\"><span class=\"date tooltipster\" title=\"8 citas disponibles\"><span class=\"number\">7<\/span><\/span><\/div><div data-date=\"2026-05-8\" class=\"bc-col\"><span class=\"date tooltipster\" title=\"8 citas disponibles\"><span class=\"number\">8<\/span><\/span><\/div><\/div><div class=\"bc-row week\"><div data-date=\"2026-05-11\" class=\"bc-col\"><span class=\"date tooltipster\" title=\"8 citas disponibles\"><span class=\"number\">11<\/span><\/span><\/div><div data-date=\"2026-05-12\" class=\"bc-col\"><span class=\"date tooltipster\" title=\"8 citas disponibles\"><span class=\"number\">12<\/span><\/span><\/div><div data-date=\"2026-05-13\" class=\"bc-col\"><span class=\"date tooltipster\" title=\"8 citas disponibles\"><span class=\"number\">13<\/span><\/span><\/div><div data-date=\"2026-05-14\" class=\"bc-col\"><span class=\"date tooltipster\" title=\"8 citas disponibles\"><span class=\"number\">14<\/span><\/span><\/div><div data-date=\"2026-05-15\" class=\"bc-col\"><span class=\"date tooltipster\" title=\"8 citas disponibles\"><span class=\"number\">15<\/span><\/span><\/div><\/div><div class=\"bc-row week\"><div data-date=\"2026-05-18\" class=\"bc-col\"><span class=\"date tooltipster\" title=\"8 citas disponibles\"><span class=\"number\">18<\/span><\/span><\/div><div data-date=\"2026-05-19\" class=\"bc-col\"><span class=\"date tooltipster\" title=\"8 citas disponibles\"><span class=\"number\">19<\/span><\/span><\/div><div data-date=\"2026-05-20\" class=\"bc-col\"><span class=\"date tooltipster\" title=\"8 citas disponibles\"><span class=\"number\">20<\/span><\/span><\/div><div data-date=\"2026-05-21\" class=\"bc-col\"><span class=\"date tooltipster\" title=\"8 citas disponibles\"><span class=\"number\">21<\/span><\/span><\/div><div data-date=\"2026-05-22\" class=\"bc-col\"><span class=\"date tooltipster\" title=\"8 citas disponibles\"><span class=\"number\">22<\/span><\/span><\/div><\/div><div class=\"bc-row week\"><div data-date=\"2026-05-25\" class=\"bc-col\"><span class=\"date tooltipster\" title=\"8 citas disponibles\"><span class=\"number\">25<\/span><\/span><\/div><div data-date=\"2026-05-26\" class=\"bc-col\"><span class=\"date tooltipster\" title=\"8 citas disponibles\"><span class=\"number\">26<\/span><\/span><\/div><div data-date=\"2026-05-27\" class=\"bc-col\"><span class=\"date tooltipster\" title=\"8 citas disponibles\"><span class=\"number\">27<\/span><\/span><\/div><div data-date=\"2026-05-28\" class=\"bc-col\"><span class=\"date tooltipster\" title=\"8 citas disponibles\"><span class=\"number\">28<\/span><\/span><\/div><div data-date=\"2026-05-29\" class=\"bc-col\"><span class=\"date tooltipster\" title=\"8 citas disponibles\"><span class=\"number\">29<\/span><\/span><\/div><\/div>    <\/div>\n<\/div><\/div><\/div><\/div>\n\t\t\t\t\t\t<\/div>\n\t\t\t\t<\/div>\n\t\t\t\t\t<\/div>\n\t\t\t\t<\/div>\n\t\t<div class=\"elementor-element elementor-element-ff5646b e-flex e-con-boxed wpr-particle-no wpr-jarallax-no wpr-parallax-no wpr-sticky-section-no e-con e-parent\" data-id=\"ff5646b\" data-element_type=\"container\" data-settings=\"{&quot;background_background&quot;:&quot;classic&quot;}\">\n\t\t\t\t\t<div class=\"e-con-inner\">\n\t\t\t\t<div class=\"elementor-element elementor-element-ae9bb9e elementor-widget elementor-widget-shortcode\" data-id=\"ae9bb9e\" data-element_type=\"widget\" data-widget_type=\"shortcode.default\">\n\t\t\t\t<div class=\"elementor-widget-container\">\n\t\t\t\t\t\t\t<div class=\"elementor-shortcode\"><div id=\"ch-convertir-hora\">\n    <label for=\"hora\">Selecciona una hora:<\/label>\n    <select id=\"hora\">\n        <option value='12:00 AM'>12:00 AM<\/option><option value='12:15 AM'>12:15 AM<\/option><option value='12:30 AM'>12:30 AM<\/option><option value='12:45 AM'>12:45 AM<\/option><option value='01:00 AM'>01:00 AM<\/option><option value='01:15 AM'>01:15 AM<\/option><option value='01:30 AM'>01:30 AM<\/option><option value='01:45 AM'>01:45 AM<\/option><option value='02:00 AM'>02:00 AM<\/option><option value='02:15 AM'>02:15 AM<\/option><option value='02:30 AM'>02:30 AM<\/option><option value='02:45 AM'>02:45 AM<\/option><option value='03:00 AM'>03:00 AM<\/option><option value='03:15 AM'>03:15 AM<\/option><option value='03:30 AM'>03:30 AM<\/option><option value='03:45 AM'>03:45 AM<\/option><option value='04:00 AM'>04:00 AM<\/option><option value='04:15 AM'>04:15 AM<\/option><option value='04:30 AM'>04:30 AM<\/option><option value='04:45 AM'>04:45 AM<\/option><option value='05:00 AM'>05:00 AM<\/option><option value='05:15 AM'>05:15 AM<\/option><option value='05:30 AM'>05:30 AM<\/option><option value='05:45 AM'>05:45 AM<\/option><option value='06:00 AM'>06:00 AM<\/option><option value='06:15 AM'>06:15 AM<\/option><option value='06:30 AM'>06:30 AM<\/option><option value='06:45 AM'>06:45 AM<\/option><option value='07:00 AM'>07:00 AM<\/option><option value='07:15 AM'>07:15 AM<\/option><option value='07:30 AM'>07:30 AM<\/option><option value='07:45 AM'>07:45 AM<\/option><option value='08:00 AM'>08:00 AM<\/option><option value='08:15 AM'>08:15 AM<\/option><option value='08:30 AM'>08:30 AM<\/option><option value='08:45 AM'>08:45 AM<\/option><option value='09:00 AM'>09:00 AM<\/option><option value='09:15 AM'>09:15 AM<\/option><option value='09:30 AM'>09:30 AM<\/option><option value='09:45 AM'>09:45 AM<\/option><option value='10:00 AM'>10:00 AM<\/option><option value='10:15 AM'>10:15 AM<\/option><option value='10:30 AM'>10:30 AM<\/option><option value='10:45 AM'>10:45 AM<\/option><option value='11:00 AM'>11:00 AM<\/option><option value='11:15 AM'>11:15 AM<\/option><option value='11:30 AM'>11:30 AM<\/option><option value='11:45 AM'>11:45 AM<\/option><option value='12:00 PM'>12:00 PM<\/option><option value='12:15 PM'>12:15 PM<\/option><option value='12:30 PM'>12:30 PM<\/option><option value='12:45 PM'>12:45 PM<\/option><option value='01:00 PM'>01:00 PM<\/option><option value='01:15 PM'>01:15 PM<\/option><option value='01:30 PM'>01:30 PM<\/option><option value='01:45 PM'>01:45 PM<\/option><option value='02:00 PM'>02:00 PM<\/option><option value='02:15 PM'>02:15 PM<\/option><option value='02:30 PM'>02:30 PM<\/option><option value='02:45 PM'>02:45 PM<\/option><option value='03:00 PM'>03:00 PM<\/option><option value='03:15 PM'>03:15 PM<\/option><option value='03:30 PM'>03:30 PM<\/option><option value='03:45 PM'>03:45 PM<\/option><option value='04:00 PM'>04:00 PM<\/option><option value='04:15 PM'>04:15 PM<\/option><option value='04:30 PM'>04:30 PM<\/option><option value='04:45 PM'>04:45 PM<\/option><option value='05:00 PM'>05:00 PM<\/option><option value='05:15 PM'>05:15 PM<\/option><option value='05:30 PM'>05:30 PM<\/option><option value='05:45 PM'>05:45 PM<\/option><option value='06:00 PM'>06:00 PM<\/option><option value='06:15 PM'>06:15 PM<\/option><option value='06:30 PM'>06:30 PM<\/option><option value='06:45 PM'>06:45 PM<\/option><option value='07:00 PM'>07:00 PM<\/option><option value='07:15 PM'>07:15 PM<\/option><option value='07:30 PM'>07:30 PM<\/option><option value='07:45 PM'>07:45 PM<\/option><option value='08:00 PM'>08:00 PM<\/option><option value='08:15 PM'>08:15 PM<\/option><option value='08:30 PM'>08:30 PM<\/option><option value='08:45 PM'>08:45 PM<\/option><option value='09:00 PM'>09:00 PM<\/option><option value='09:15 PM'>09:15 PM<\/option><option value='09:30 PM'>09:30 PM<\/option><option value='09:45 PM'>09:45 PM<\/option><option value='10:00 PM'>10:00 PM<\/option><option value='10:15 PM'>10:15 PM<\/option><option value='10:30 PM'>10:30 PM<\/option><option value='10:45 PM'>10:45 PM<\/option><option value='11:00 PM'>11:00 PM<\/option><option value='11:15 PM'>11:15 PM<\/option><option value='11:30 PM'>11:30 PM<\/option><option value='11:45 PM'>11:45 PM<\/option>    <\/select>\n    <p id=\"Texto24h\"><strong>Hora en formato 24h:<\/strong> <span id=\"resultado-24h\">--:--<\/span><\/p>\n<\/div>\n<\/div>\n\t\t\t\t\t\t<\/div>\n\t\t\t\t<\/div>\n\t\t\t\t\t<\/div>\n\t\t\t\t<\/div>\n\t\t\t\t<\/div>","protected":false},"excerpt":{"rendered":"<p>Escoge tu cita con Pepe Cano En el calendario que tienes aqu\u00ed abajo, podr\u00e1s seleccionar la cita con nuestro trabajador.Si tienes dudas con el formato de 12 horas, te dejamos tambi\u00e9n un selector de horas justo aqu\u00ed abajo para que puedas comprobar la conversi\u00f3n al formato 24 horas.<\/p>","protected":false},"author":1,"featured_media":0,"parent":0,"menu_order":0,"comment_status":"closed","ping_status":"closed","template":"","meta":{"footnotes":""},"class_list":["post-592","page","type-page","status-publish","hentry"],"yoast_head":"<!-- This site is optimized with the Yoast SEO plugin v26.5 - https:\/\/yoast.com\/wordpress\/plugins\/seo\/ -->\n<title>Cita con Carlos - Gestoria Cano<\/title>\n<meta name=\"robots\" content=\"index, follow, max-snippet:-1, max-image-preview:large, max-video-preview:-1\" \/>\n<link rel=\"canonical\" href=\"https:\/\/gestoriacano.com\/en\/cita-con-carlos\/\" \/>\n<meta property=\"og:locale\" content=\"en_GB\" \/>\n<meta property=\"og:type\" content=\"article\" \/>\n<meta property=\"og:title\" content=\"Cita con Carlos - Gestoria Cano\" \/>\n<meta property=\"og:description\" content=\"Escoge tu cita con Pepe Cano En el calendario que tienes aqu\u00ed abajo, podr\u00e1s seleccionar la cita con nuestro trabajador.Si tienes dudas con el formato de 12 horas, te dejamos tambi\u00e9n un selector de horas justo aqu\u00ed abajo para que puedas comprobar la conversi\u00f3n al formato 24 horas.\" \/>\n<meta property=\"og:url\" content=\"https:\/\/gestoriacano.com\/en\/cita-con-carlos\/\" \/>\n<meta property=\"og:site_name\" content=\"Gestoria Cano\" \/>\n<meta property=\"article:modified_time\" content=\"2025-09-03T09:57:47+00:00\" \/>\n<meta name=\"twitter:card\" content=\"summary_large_image\" \/>\n<meta name=\"twitter:label1\" content=\"Estimated reading time\" \/>\n\t<meta name=\"twitter:data1\" content=\"1 minute\" \/>\n<script type=\"application\/ld+json\" class=\"yoast-schema-graph\">{\"@context\":\"https:\/\/schema.org\",\"@graph\":[{\"@type\":\"WebPage\",\"@id\":\"https:\/\/gestoriacano.com\/cita-con-carlos\/\",\"url\":\"https:\/\/gestoriacano.com\/cita-con-carlos\/\",\"name\":\"Cita con Carlos - Gestoria Cano\",\"isPartOf\":{\"@id\":\"https:\/\/gestoriacano.com\/#website\"},\"datePublished\":\"2025-06-13T11:45:57+00:00\",\"dateModified\":\"2025-09-03T09:57:47+00:00\",\"breadcrumb\":{\"@id\":\"https:\/\/gestoriacano.com\/cita-con-carlos\/#breadcrumb\"},\"inLanguage\":\"en-GB\",\"potentialAction\":[{\"@type\":\"ReadAction\",\"target\":[\"https:\/\/gestoriacano.com\/cita-con-carlos\/\"]}]},{\"@type\":\"BreadcrumbList\",\"@id\":\"https:\/\/gestoriacano.com\/cita-con-carlos\/#breadcrumb\",\"itemListElement\":[{\"@type\":\"ListItem\",\"position\":1,\"name\":\"Portada\",\"item\":\"https:\/\/gestoriacano.com\/\"},{\"@type\":\"ListItem\",\"position\":2,\"name\":\"Cita con Carlos\"}]},{\"@type\":\"WebSite\",\"@id\":\"https:\/\/gestoriacano.com\/#website\",\"url\":\"https:\/\/gestoriacano.com\/\",\"name\":\"Gestoria Cano\",\"description\":\"Gestor\u00eda Fiscal, Laboral y contable GESTORIA J. CANO S.L\",\"publisher\":{\"@id\":\"https:\/\/gestoriacano.com\/#organization\"},\"potentialAction\":[{\"@type\":\"SearchAction\",\"target\":{\"@type\":\"EntryPoint\",\"urlTemplate\":\"https:\/\/gestoriacano.com\/?s={search_term_string}\"},\"query-input\":{\"@type\":\"PropertyValueSpecification\",\"valueRequired\":true,\"valueName\":\"search_term_string\"}}],\"inLanguage\":\"en-GB\"},{\"@type\":\"Organization\",\"@id\":\"https:\/\/gestoriacano.com\/#organization\",\"name\":\"Gestoria Cano\",\"url\":\"https:\/\/gestoriacano.com\/\",\"logo\":{\"@type\":\"ImageObject\",\"inLanguage\":\"en-GB\",\"@id\":\"https:\/\/gestoriacano.com\/#\/schema\/logo\/image\/\",\"url\":\"https:\/\/gestoriacano.com\/wp-content\/uploads\/2025\/06\/cropped-cropped-464468594_3050948981728615_1114534960744158838_n.jpg\",\"contentUrl\":\"https:\/\/gestoriacano.com\/wp-content\/uploads\/2025\/06\/cropped-cropped-464468594_3050948981728615_1114534960744158838_n.jpg\",\"width\":512,\"height\":147,\"caption\":\"Gestoria Cano\"},\"image\":{\"@id\":\"https:\/\/gestoriacano.com\/#\/schema\/logo\/image\/\"}}]}<\/script>\n<!-- \/ Yoast SEO plugin. -->","yoast_head_json":{"title":"Cita con Carlos - Gestoria Cano","robots":{"index":"index","follow":"follow","max-snippet":"max-snippet:-1","max-image-preview":"max-image-preview:large","max-video-preview":"max-video-preview:-1"},"canonical":"https:\/\/gestoriacano.com\/en\/cita-con-carlos\/","og_locale":"en_GB","og_type":"article","og_title":"Cita con Carlos - Gestoria Cano","og_description":"Escoge tu cita con Pepe Cano En el calendario que tienes aqu\u00ed abajo, podr\u00e1s seleccionar la cita con nuestro trabajador.Si tienes dudas con el formato de 12 horas, te dejamos tambi\u00e9n un selector de horas justo aqu\u00ed abajo para que puedas comprobar la conversi\u00f3n al formato 24 horas.","og_url":"https:\/\/gestoriacano.com\/en\/cita-con-carlos\/","og_site_name":"Gestoria Cano","article_modified_time":"2025-09-03T09:57:47+00:00","twitter_card":"summary_large_image","twitter_misc":{"Estimated reading time":"1 minute"},"schema":{"@context":"https:\/\/schema.org","@graph":[{"@type":"WebPage","@id":"https:\/\/gestoriacano.com\/cita-con-carlos\/","url":"https:\/\/gestoriacano.com\/cita-con-carlos\/","name":"Cita con Carlos - Gestoria Cano","isPartOf":{"@id":"https:\/\/gestoriacano.com\/#website"},"datePublished":"2025-06-13T11:45:57+00:00","dateModified":"2025-09-03T09:57:47+00:00","breadcrumb":{"@id":"https:\/\/gestoriacano.com\/cita-con-carlos\/#breadcrumb"},"inLanguage":"en-GB","potentialAction":[{"@type":"ReadAction","target":["https:\/\/gestoriacano.com\/cita-con-carlos\/"]}]},{"@type":"BreadcrumbList","@id":"https:\/\/gestoriacano.com\/cita-con-carlos\/#breadcrumb","itemListElement":[{"@type":"ListItem","position":1,"name":"Portada","item":"https:\/\/gestoriacano.com\/"},{"@type":"ListItem","position":2,"name":"Cita con Carlos"}]},{"@type":"WebSite","@id":"https:\/\/gestoriacano.com\/#website","url":"https:\/\/gestoriacano.com\/","name":"Gestoria Cano","description":"Gestor\u00eda Fiscal, Laboral y contable GESTORIA J. CANO S.L","publisher":{"@id":"https:\/\/gestoriacano.com\/#organization"},"potentialAction":[{"@type":"SearchAction","target":{"@type":"EntryPoint","urlTemplate":"https:\/\/gestoriacano.com\/?s={search_term_string}"},"query-input":{"@type":"PropertyValueSpecification","valueRequired":true,"valueName":"search_term_string"}}],"inLanguage":"en-GB"},{"@type":"Organization","@id":"https:\/\/gestoriacano.com\/#organization","name":"Gestoria Cano","url":"https:\/\/gestoriacano.com\/","logo":{"@type":"ImageObject","inLanguage":"en-GB","@id":"https:\/\/gestoriacano.com\/#\/schema\/logo\/image\/","url":"https:\/\/gestoriacano.com\/wp-content\/uploads\/2025\/06\/cropped-cropped-464468594_3050948981728615_1114534960744158838_n.jpg","contentUrl":"https:\/\/gestoriacano.com\/wp-content\/uploads\/2025\/06\/cropped-cropped-464468594_3050948981728615_1114534960744158838_n.jpg","width":512,"height":147,"caption":"Gestoria Cano"},"image":{"@id":"https:\/\/gestoriacano.com\/#\/schema\/logo\/image\/"}}]}},"_links":{"self":[{"href":"https:\/\/gestoriacano.com\/en\/wp-json\/wp\/v2\/pages\/592","targetHints":{"allow":["GET"]}}],"collection":[{"href":"https:\/\/gestoriacano.com\/en\/wp-json\/wp\/v2\/pages"}],"about":[{"href":"https:\/\/gestoriacano.com\/en\/wp-json\/wp\/v2\/types\/page"}],"author":[{"embeddable":true,"href":"https:\/\/gestoriacano.com\/en\/wp-json\/wp\/v2\/users\/1"}],"replies":[{"embeddable":true,"href":"https:\/\/gestoriacano.com\/en\/wp-json\/wp\/v2\/comments?post=592"}],"version-history":[{"count":19,"href":"https:\/\/gestoriacano.com\/en\/wp-json\/wp\/v2\/pages\/592\/revisions"}],"predecessor-version":[{"id":1619,"href":"https:\/\/gestoriacano.com\/en\/wp-json\/wp\/v2\/pages\/592\/revisions\/1619"}],"wp:attachment":[{"href":"https:\/\/gestoriacano.com\/en\/wp-json\/wp\/v2\/media?parent=592"}],"curies":[{"name":"wp","href":"https:\/\/api.w.org\/{rel}","templated":true}]}}