{"id":50,"date":"2025-06-10T12:54:33","date_gmt":"2025-06-10T12:54:33","guid":{"rendered":"https:\/\/gestoriacano.com\/?page_id=50"},"modified":"2025-07-10T12:27:50","modified_gmt":"2025-07-10T12:27:50","slug":"politica-de-cookies","status":"publish","type":"page","link":"https:\/\/gestoriacano.com\/en\/politica-de-cookies\/","title":{"rendered":"Pol\u00edtica de cookies"},"content":{"rendered":"<div data-elementor-type=\"wp-page\" data-elementor-id=\"50\" class=\"elementor elementor-50\">\n\t\t\t\t<div class=\"elementor-element elementor-element-eeb755b e-flex e-con-boxed wpr-particle-no wpr-jarallax-no wpr-parallax-no wpr-sticky-section-no e-con e-parent\" data-id=\"eeb755b\" data-element_type=\"container\" data-settings=\"{&quot;background_background&quot;:&quot;classic&quot;}\">\n\t\t\t\t\t<div class=\"e-con-inner\">\n\t\t\t\t<div class=\"elementor-element elementor-element-d4c5fa3 elementor-widget elementor-widget-spacer\" data-id=\"d4c5fa3\" data-element_type=\"widget\" data-widget_type=\"spacer.default\">\n\t\t\t\t<div class=\"elementor-widget-container\">\n\t\t\t\t\t\t\t<div class=\"elementor-spacer\">\n\t\t\t<div class=\"elementor-spacer-inner\"><\/div>\n\t\t<\/div>\n\t\t\t\t\t\t<\/div>\n\t\t\t\t<\/div>\n\t\t\t\t\t<\/div>\n\t\t\t\t<\/div>\n\t\t<div class=\"elementor-element elementor-element-4aa6898 e-flex e-con-boxed wpr-particle-no wpr-jarallax-no wpr-parallax-no wpr-sticky-section-no e-con e-parent\" data-id=\"4aa6898\" data-element_type=\"container\" data-settings=\"{&quot;background_background&quot;:&quot;classic&quot;}\">\n\t\t\t\t\t<div class=\"e-con-inner\">\n\t\t\t\t<div class=\"elementor-element elementor-element-7c1314c elementor-widget elementor-widget-text-editor\" data-id=\"7c1314c\" data-element_type=\"widget\" data-widget_type=\"text-editor.default\">\n\t\t\t\t<div class=\"elementor-widget-container\">\n\t\t\t\t\t\t\t\t\t<h1><span style=\"font-family: Poppins; color: #800000;\">Pol\u00edtica de cookies<\/span><\/h1><p class=\"my-0\"><span style=\"font-family: Poppins; color: #d5d5d5;\">Esta pol\u00edtica de cookies explica c\u00f3mo Gestor\u00eda Cano (\u00abnosotros\u00bb, \u00abnuestro\u00bb o \u00abla empresa\u00bb) utiliza cookies y tecnolog\u00edas similares para reconocerte cuando visitas nuestro sitio web en gestoriacano.com (\u00absitio web\u00bb)<span class=\"whitespace-nowrap\">.<\/span>\u00a0Explica qu\u00e9 son estas tecnolog\u00edas y por qu\u00e9 las utilizamos, as\u00ed como tus derechos para controlar el uso que hacemos de ellas<span class=\"whitespace-nowrap\">.<\/span><\/span><\/p><p class=\"my-0\"><span style=\"font-family: Poppins; color: #d5d5d5;\"><strong>\u00bfQu\u00e9 son las cookies?<\/strong><\/span><\/p><p class=\"my-0\"><span style=\"font-family: Poppins; color: #d5d5d5;\">Las cookies son peque\u00f1os archivos de texto que se almacenan en tu navegador cuando visitas un sitio web<span class=\"whitespace-nowrap\">.<\/span>\u00a0Se utilizan ampliamente para hacer que los sitios web funcionen, o funcionen de manera m\u00e1s eficiente, as\u00ed como para proporcionar informaci\u00f3n a los propietarios del sitio web<span class=\"whitespace-nowrap\">.<\/span><\/span><\/p><p class=\"my-0\"><span style=\"font-family: Poppins; color: #d5d5d5;\"><strong>\u00bfC\u00f3mo utilizamos las cookies?<\/strong><\/span><\/p><p class=\"my-0\"><span style=\"font-family: Poppins; color: #d5d5d5;\">Utilizamos cookies propias y de terceros<span class=\"whitespace-nowrap\">.<\/span>\u00a0Las cookies de terceros son aquellas que se env\u00edan a tu equipo desde un dominio que no es gestionado por nosotros, sino por otra entidad que trata los datos obtenidos a trav\u00e9s de las cookies<span class=\"whitespace-nowrap\">.<\/span><\/span><\/p><p class=\"my-0\"><span style=\"font-family: Poppins; color: #d5d5d5;\">Las cookies se utilizan con diferentes fines, que incluyen:<\/span><\/p><ul class=\"marker:text-textOff list-disc\"><li><p class=\"my-0\"><span style=\"font-family: Poppins; color: #d5d5d5;\"><strong>Cookies esenciales<\/strong>: Estas cookies son necesarias para el funcionamiento b\u00e1sico del sitio web y te permiten navegar por sus funciones<span class=\"whitespace-nowrap\">.<\/span><\/span><\/p><\/li><li><p class=\"my-0\"><span style=\"font-family: Poppins; color: #d5d5d5;\"><strong>Cookies de rendimiento<\/strong>: Estas cookies recopilan informaci\u00f3n sobre c\u00f3mo utilizas nuestro sitio web, como las p\u00e1ginas que visitas y si experimentas alg\u00fan error<span class=\"whitespace-nowrap\">.<\/span>\u00a0Esta informaci\u00f3n se utiliza para mejorar el funcionamiento del sitio web.<\/span><\/p><\/li><li><p class=\"my-0\"><span style=\"font-family: Poppins; color: #d5d5d5;\"><strong>Cookies de funcionalidad<\/strong>: Estas cookies permiten que el sitio web recuerde las elecciones que haces (como tu nombre de usuario, idioma o regi\u00f3n) y proporcionan caracter\u00edsticas mejoradas y m\u00e1s personalizadas<span class=\"whitespace-nowrap\">.<\/span><\/span><\/p><\/li><li><p class=\"my-0\"><span style=\"font-family: Poppins; color: #d5d5d5;\"><strong>Cookies de publicidad<\/strong>: Estas cookies se utilizan para mostrar anuncios que son m\u00e1s relevantes para ti y tus intereses<span class=\"whitespace-nowrap\">.<\/span>\u00a0Tambi\u00e9n se utilizan para limitar la cantidad de veces que ves un anuncio, as\u00ed como para ayudar a medir la efectividad de las campa\u00f1as publicitarias<span class=\"whitespace-nowrap\">.<\/span><\/span><\/p><\/li><\/ul><p class=\"my-0\"><span style=\"font-family: Poppins; color: #d5d5d5;\"><strong>Tipos de cookies que utilizamos<\/strong><\/span><\/p><ul class=\"marker:text-textOff list-disc\"><li><p class=\"my-0\"><span style=\"font-family: Poppins; color: #d5d5d5;\"><strong>Cookies de sesi\u00f3n<\/strong>: Recaban y almacenan datos mientras el usuario accede a la p\u00e1gina web<span class=\"whitespace-nowrap\">.<\/span><\/span><\/p><\/li><li><p class=\"my-0\"><span style=\"font-family: Poppins; color: #d5d5d5;\"><strong>Cookies persistentes<\/strong>: Los datos siguen almacenados en el terminal y pueden ser accedidos y tratados durante un per\u00edodo definido<span class=\"whitespace-nowrap\">.<\/span><\/span><\/p><\/li><li><p class=\"my-0\"><span style=\"font-family: Poppins; color: #d5d5d5;\"><strong>Cookies t\u00e9cnicas<\/strong>: Permiten al usuario la navegaci\u00f3n a trav\u00e9s de una p\u00e1gina web, plataforma o aplicaci\u00f3n y la utilizaci\u00f3n de las diferentes opciones o servicios que en ella existan<span class=\"whitespace-nowrap\">.<\/span><\/span><\/p><\/li><li><p class=\"my-0\"><span style=\"font-family: Poppins; color: #d5d5d5;\"><strong>Cookies de personalizaci\u00f3n<\/strong>: Permiten recordar informaci\u00f3n para que el usuario acceda al servicio con determinadas caracter\u00edsticas que pueden diferenciar su experiencia de la de otros usuarios<span class=\"whitespace-nowrap\">.<\/span><\/span><\/p><\/li><li><p class=\"my-0\"><span style=\"font-family: Poppins; color: #d5d5d5;\"><strong>Cookies de an\u00e1lisis o seguimiento<\/strong>: Permiten el seguimiento y an\u00e1lisis del comportamiento de los usuarios de los sitios web a los que est\u00e1n vinculadas<span class=\"whitespace-nowrap\">.<\/span><\/span><\/p><\/li><li><p class=\"my-0\"><span style=\"font-family: Poppins; color: #d5d5d5;\"><strong>Cookies publicitarias<\/strong>: Permiten la gesti\u00f3n, de la forma m\u00e1s eficaz posible, de los espacios publicitarios<span class=\"whitespace-nowrap\">.<\/span><\/span><\/p><\/li><li><p class=\"my-0\"><span style=\"font-family: Poppins; color: #d5d5d5;\"><strong>Cookies de publicidad comportamental<\/strong>: Almacenan informaci\u00f3n del comportamiento de los usuarios obtenida a trav\u00e9s de la observaci\u00f3n continuada de sus h\u00e1bitos de navegaci\u00f3n, lo que permite desarrollar un perfil espec\u00edfico para mostrar publicidad en funci\u00f3n del mismo<span class=\"whitespace-nowrap\">.<\/span><\/span><\/p><\/li><\/ul><p class=\"my-0\"><span style=\"font-family: Poppins; color: #d5d5d5;\"><strong>C\u00f3mo controlar las cookies<\/strong><\/span><\/p><p class=\"my-0\"><span style=\"font-family: Poppins; color: #d5d5d5;\">Tienes derecho a decidir si aceptas o rechazas las cookies<span class=\"whitespace-nowrap\">.<\/span>\u00a0Puedes ejercer tus preferencias de cookies configurando tu navegador para que acepte o rechace las cookies<span class=\"whitespace-nowrap\">.<\/span>\u00a0Si eliges rechazar las cookies, a\u00fan puedes utilizar nuestro sitio web, aunque tu acceso a algunas funciones y \u00e1reas puede estar restringido<span class=\"whitespace-nowrap\">.<\/span><\/span><\/p><p class=\"my-0\"><span style=\"font-family: Poppins; color: #d5d5d5;\">La mayor\u00eda de los navegadores web te permiten controlar las cookies a trav\u00e9s de la configuraci\u00f3n del navegador<span class=\"whitespace-nowrap\">.<\/span>\u00a0Para obtener m\u00e1s informaci\u00f3n sobre c\u00f3mo administrar las cookies, consulta la documentaci\u00f3n de ayuda de tu navegador<span class=\"whitespace-nowrap\">.<\/span><\/span><\/p><p class=\"my-0\"><span style=\"font-family: Poppins; color: #d5d5d5;\">Adem\u00e1s, puedes optar por no participar en la publicidad basada en intereses a trav\u00e9s de los siguientes enlaces:<\/span><\/p><ul class=\"marker:text-textOff list-disc\"><li><p class=\"my-0\"><span style=\"font-family: Poppins; color: #800000;\"><a class=\"break-word hover:text-super hover:decoration-super dark:hover:text-superDark dark:hover:decoration-superDark underline decoration-from-font underline-offset-1 transition-all duration-300\" style=\"color: #800000;\" href=\"http:\/\/www.aboutads.info\/choices\" target=\"_blank\" rel=\"nofollow noopener\">http:\/\/www.aboutads.info\/choices<\/a><\/span><\/p><\/li><li><p class=\"my-0\"><span style=\"font-family: Poppins; color: #800000;\"><a class=\"break-word hover:text-super hover:decoration-super dark:hover:text-superDark dark:hover:decoration-superDark underline decoration-from-font underline-offset-1 transition-all duration-300\" style=\"color: #800000;\" href=\"http:\/\/www.youronlinechoices.eu\/\" target=\"_blank\" rel=\"nofollow noopener\">http:\/\/www.youronlinechoices.eu\/<\/a><\/span><\/p><\/li><\/ul><p class=\"my-0\"><span style=\"font-family: Poppins; color: #d5d5d5;\"><strong>Informaci\u00f3n sobre cookies de terceros<\/strong><\/span><\/p><p class=\"my-0\"><span style=\"font-family: Poppins; color: #d5d5d5;\">Adem\u00e1s de nuestras propias cookies, tambi\u00e9n podemos utilizar cookies de terceros para informar y optimizar el rendimiento del sitio web y mostrar publicidad<span class=\"whitespace-nowrap\">.<\/span>\u00a0No controlamos las cookies de terceros y te recomendamos que consultes las pol\u00edticas de cookies de estos terceros para obtener m\u00e1s informaci\u00f3n sobre sus cookies y c\u00f3mo gestionarlas<span class=\"whitespace-nowrap\">.<\/span><\/span><\/p><p class=\"my-0\"><span style=\"font-family: Poppins; color: #d5d5d5;\"><strong>Cambios en esta pol\u00edtica de cookies<\/strong><\/span><\/p><p class=\"my-0\"><span style=\"font-family: Poppins; color: #d5d5d5;\">Podemos actualizar esta pol\u00edtica de cookies peri\u00f3dicamente para reflejar, por ejemplo, cambios en las cookies que utilizamos o por otras razones operativas, legales o reglamentarias<span class=\"whitespace-nowrap\">.<\/span> Por lo tanto, te recomendamos que revises esta pol\u00edtica de cookies peri\u00f3dicamente para estar informado sobre c\u00f3mo utilizamos las cookies y tecnolog\u00edas relacionada<span class=\"whitespace-nowrap\">.<\/span><\/span><\/p><p class=\"my-0\"><span style=\"font-family: Poppins; color: #d5d5d5;\"><strong>D\u00f3nde encontrar m\u00e1s informaci\u00f3n<\/strong><\/span><\/p><p class=\"my-0\"><span style=\"font-family: Poppins; color: #d5d5d5;\">Si tienes alguna pregunta sobre el uso que hacemos de las cookies u otras tecnolog\u00edas, ponte en contacto con nosotros a trav\u00e9s de <span style=\"color: #800000;\">gestoria@gestoriacano.com<\/span><\/span><\/p>\t\t\t\t\t\t\t\t<\/div>\n\t\t\t\t<\/div>\n\t\t\t\t\t<\/div>\n\t\t\t\t<\/div>\n\t\t<div class=\"elementor-element elementor-element-3181030 e-flex e-con-boxed wpr-particle-no wpr-jarallax-no wpr-parallax-no wpr-sticky-section-no e-con e-parent\" data-id=\"3181030\" data-element_type=\"container\" data-settings=\"{&quot;background_background&quot;:&quot;classic&quot;}\">\n\t\t\t\t\t<div class=\"e-con-inner\">\n\t\t\t\t<div class=\"elementor-element elementor-element-cd4f4d4 elementor-widget elementor-widget-spacer\" data-id=\"cd4f4d4\" data-element_type=\"widget\" data-widget_type=\"spacer.default\">\n\t\t\t\t<div class=\"elementor-widget-container\">\n\t\t\t\t\t\t\t<div class=\"elementor-spacer\">\n\t\t\t<div class=\"elementor-spacer-inner\"><\/div>\n\t\t<\/div>\n\t\t\t\t\t\t<\/div>\n\t\t\t\t<\/div>\n\t\t\t\t\t<\/div>\n\t\t\t\t<\/div>\n\t\t\t\t<\/div>","protected":false},"excerpt":{"rendered":"<p>Pol\u00edtica de cookies Esta pol\u00edtica de cookies explica c\u00f3mo Gestor\u00eda Cano (\u00abnosotros\u00bb, \u00abnuestro\u00bb o \u00abla empresa\u00bb) utiliza cookies y tecnolog\u00edas similares para reconocerte cuando visitas nuestro sitio web en gestoriacano.com (\u00absitio web\u00bb).\u00a0Explica qu\u00e9 son estas tecnolog\u00edas y por qu\u00e9 las utilizamos, as\u00ed como tus derechos para controlar el uso que hacemos de ellas. \u00bfQu\u00e9 son las cookies? Las cookies son peque\u00f1os archivos de texto que se almacenan en tu navegador cuando visitas un sitio web.\u00a0Se<\/p>","protected":false},"author":1,"featured_media":0,"parent":0,"menu_order":0,"comment_status":"closed","ping_status":"closed","template":"","meta":{"footnotes":""},"class_list":["post-50","page","type-page","status-publish","hentry"],"yoast_head":"<!-- This site is optimized with the Yoast SEO plugin v26.5 - https:\/\/yoast.com\/wordpress\/plugins\/seo\/ -->\n<title>Pol\u00edtica de cookies - Gestoria Cano<\/title>\n<meta name=\"robots\" content=\"index, follow, max-snippet:-1, max-image-preview:large, max-video-preview:-1\" \/>\n<link rel=\"canonical\" href=\"https:\/\/gestoriacano.com\/en\/politica-de-cookies\/\" \/>\n<meta property=\"og:locale\" content=\"en_GB\" \/>\n<meta property=\"og:type\" content=\"article\" \/>\n<meta property=\"og:title\" content=\"Pol\u00edtica de cookies - Gestoria Cano\" \/>\n<meta property=\"og:description\" content=\"Pol\u00edtica de cookies Esta pol\u00edtica de cookies explica c\u00f3mo Gestor\u00eda Cano (\u00abnosotros\u00bb, \u00abnuestro\u00bb o \u00abla empresa\u00bb) utiliza cookies y tecnolog\u00edas similares para reconocerte cuando visitas nuestro sitio web en gestoriacano.com (\u00absitio web\u00bb).\u00a0Explica qu\u00e9 son estas tecnolog\u00edas y por qu\u00e9 las utilizamos, as\u00ed como tus derechos para controlar el uso que hacemos de ellas. \u00bfQu\u00e9 son las cookies? Las cookies son peque\u00f1os archivos de texto que se almacenan en tu navegador cuando visitas un sitio web.\u00a0Se\" \/>\n<meta property=\"og:url\" content=\"https:\/\/gestoriacano.com\/en\/politica-de-cookies\/\" \/>\n<meta property=\"og:site_name\" content=\"Gestoria Cano\" \/>\n<meta property=\"article:modified_time\" content=\"2025-07-10T12:27:50+00:00\" \/>\n<meta name=\"twitter:card\" content=\"summary_large_image\" \/>\n<meta name=\"twitter:label1\" content=\"Estimated reading time\" \/>\n\t<meta name=\"twitter:data1\" content=\"4 minutes\" \/>\n<script type=\"application\/ld+json\" class=\"yoast-schema-graph\">{\"@context\":\"https:\/\/schema.org\",\"@graph\":[{\"@type\":\"WebPage\",\"@id\":\"https:\/\/gestoriacano.com\/politica-de-cookies\/\",\"url\":\"https:\/\/gestoriacano.com\/politica-de-cookies\/\",\"name\":\"Pol\u00edtica de cookies - Gestoria Cano\",\"isPartOf\":{\"@id\":\"https:\/\/gestoriacano.com\/#website\"},\"datePublished\":\"2025-06-10T12:54:33+00:00\",\"dateModified\":\"2025-07-10T12:27:50+00:00\",\"breadcrumb\":{\"@id\":\"https:\/\/gestoriacano.com\/politica-de-cookies\/#breadcrumb\"},\"inLanguage\":\"en-GB\",\"potentialAction\":[{\"@type\":\"ReadAction\",\"target\":[\"https:\/\/gestoriacano.com\/politica-de-cookies\/\"]}]},{\"@type\":\"BreadcrumbList\",\"@id\":\"https:\/\/gestoriacano.com\/politica-de-cookies\/#breadcrumb\",\"itemListElement\":[{\"@type\":\"ListItem\",\"position\":1,\"name\":\"Portada\",\"item\":\"https:\/\/gestoriacano.com\/\"},{\"@type\":\"ListItem\",\"position\":2,\"name\":\"Pol\u00edtica de cookies\"}]},{\"@type\":\"WebSite\",\"@id\":\"https:\/\/gestoriacano.com\/#website\",\"url\":\"https:\/\/gestoriacano.com\/\",\"name\":\"Gestoria Cano\",\"description\":\"Gestor\u00eda Fiscal, Laboral y contable GESTORIA J. CANO S.L\",\"publisher\":{\"@id\":\"https:\/\/gestoriacano.com\/#organization\"},\"potentialAction\":[{\"@type\":\"SearchAction\",\"target\":{\"@type\":\"EntryPoint\",\"urlTemplate\":\"https:\/\/gestoriacano.com\/?s={search_term_string}\"},\"query-input\":{\"@type\":\"PropertyValueSpecification\",\"valueRequired\":true,\"valueName\":\"search_term_string\"}}],\"inLanguage\":\"en-GB\"},{\"@type\":\"Organization\",\"@id\":\"https:\/\/gestoriacano.com\/#organization\",\"name\":\"Gestoria Cano\",\"url\":\"https:\/\/gestoriacano.com\/\",\"logo\":{\"@type\":\"ImageObject\",\"inLanguage\":\"en-GB\",\"@id\":\"https:\/\/gestoriacano.com\/#\/schema\/logo\/image\/\",\"url\":\"https:\/\/gestoriacano.com\/wp-content\/uploads\/2025\/06\/cropped-cropped-464468594_3050948981728615_1114534960744158838_n.jpg\",\"contentUrl\":\"https:\/\/gestoriacano.com\/wp-content\/uploads\/2025\/06\/cropped-cropped-464468594_3050948981728615_1114534960744158838_n.jpg\",\"width\":512,\"height\":147,\"caption\":\"Gestoria Cano\"},\"image\":{\"@id\":\"https:\/\/gestoriacano.com\/#\/schema\/logo\/image\/\"}}]}<\/script>\n<!-- \/ Yoast SEO plugin. -->","yoast_head_json":{"title":"Pol\u00edtica de cookies - Gestoria Cano","robots":{"index":"index","follow":"follow","max-snippet":"max-snippet:-1","max-image-preview":"max-image-preview:large","max-video-preview":"max-video-preview:-1"},"canonical":"https:\/\/gestoriacano.com\/en\/politica-de-cookies\/","og_locale":"en_GB","og_type":"article","og_title":"Pol\u00edtica de cookies - Gestoria Cano","og_description":"Pol\u00edtica de cookies Esta pol\u00edtica de cookies explica c\u00f3mo Gestor\u00eda Cano (\u00abnosotros\u00bb, \u00abnuestro\u00bb o \u00abla empresa\u00bb) utiliza cookies y tecnolog\u00edas similares para reconocerte cuando visitas nuestro sitio web en gestoriacano.com (\u00absitio web\u00bb).\u00a0Explica qu\u00e9 son estas tecnolog\u00edas y por qu\u00e9 las utilizamos, as\u00ed como tus derechos para controlar el uso que hacemos de ellas. \u00bfQu\u00e9 son las cookies? Las cookies son peque\u00f1os archivos de texto que se almacenan en tu navegador cuando visitas un sitio web.\u00a0Se","og_url":"https:\/\/gestoriacano.com\/en\/politica-de-cookies\/","og_site_name":"Gestoria Cano","article_modified_time":"2025-07-10T12:27:50+00:00","twitter_card":"summary_large_image","twitter_misc":{"Estimated reading time":"4 minutes"},"schema":{"@context":"https:\/\/schema.org","@graph":[{"@type":"WebPage","@id":"https:\/\/gestoriacano.com\/politica-de-cookies\/","url":"https:\/\/gestoriacano.com\/politica-de-cookies\/","name":"Pol\u00edtica de cookies - Gestoria Cano","isPartOf":{"@id":"https:\/\/gestoriacano.com\/#website"},"datePublished":"2025-06-10T12:54:33+00:00","dateModified":"2025-07-10T12:27:50+00:00","breadcrumb":{"@id":"https:\/\/gestoriacano.com\/politica-de-cookies\/#breadcrumb"},"inLanguage":"en-GB","potentialAction":[{"@type":"ReadAction","target":["https:\/\/gestoriacano.com\/politica-de-cookies\/"]}]},{"@type":"BreadcrumbList","@id":"https:\/\/gestoriacano.com\/politica-de-cookies\/#breadcrumb","itemListElement":[{"@type":"ListItem","position":1,"name":"Portada","item":"https:\/\/gestoriacano.com\/"},{"@type":"ListItem","position":2,"name":"Pol\u00edtica de cookies"}]},{"@type":"WebSite","@id":"https:\/\/gestoriacano.com\/#website","url":"https:\/\/gestoriacano.com\/","name":"Gestoria Cano","description":"Gestor\u00eda Fiscal, Laboral y contable GESTORIA J. CANO S.L","publisher":{"@id":"https:\/\/gestoriacano.com\/#organization"},"potentialAction":[{"@type":"SearchAction","target":{"@type":"EntryPoint","urlTemplate":"https:\/\/gestoriacano.com\/?s={search_term_string}"},"query-input":{"@type":"PropertyValueSpecification","valueRequired":true,"valueName":"search_term_string"}}],"inLanguage":"en-GB"},{"@type":"Organization","@id":"https:\/\/gestoriacano.com\/#organization","name":"Gestoria Cano","url":"https:\/\/gestoriacano.com\/","logo":{"@type":"ImageObject","inLanguage":"en-GB","@id":"https:\/\/gestoriacano.com\/#\/schema\/logo\/image\/","url":"https:\/\/gestoriacano.com\/wp-content\/uploads\/2025\/06\/cropped-cropped-464468594_3050948981728615_1114534960744158838_n.jpg","contentUrl":"https:\/\/gestoriacano.com\/wp-content\/uploads\/2025\/06\/cropped-cropped-464468594_3050948981728615_1114534960744158838_n.jpg","width":512,"height":147,"caption":"Gestoria Cano"},"image":{"@id":"https:\/\/gestoriacano.com\/#\/schema\/logo\/image\/"}}]}},"_links":{"self":[{"href":"https:\/\/gestoriacano.com\/en\/wp-json\/wp\/v2\/pages\/50","targetHints":{"allow":["GET"]}}],"collection":[{"href":"https:\/\/gestoriacano.com\/en\/wp-json\/wp\/v2\/pages"}],"about":[{"href":"https:\/\/gestoriacano.com\/en\/wp-json\/wp\/v2\/types\/page"}],"author":[{"embeddable":true,"href":"https:\/\/gestoriacano.com\/en\/wp-json\/wp\/v2\/users\/1"}],"replies":[{"embeddable":true,"href":"https:\/\/gestoriacano.com\/en\/wp-json\/wp\/v2\/comments?post=50"}],"version-history":[{"count":19,"href":"https:\/\/gestoriacano.com\/en\/wp-json\/wp\/v2\/pages\/50\/revisions"}],"predecessor-version":[{"id":1509,"href":"https:\/\/gestoriacano.com\/en\/wp-json\/wp\/v2\/pages\/50\/revisions\/1509"}],"wp:attachment":[{"href":"https:\/\/gestoriacano.com\/en\/wp-json\/wp\/v2\/media?parent=50"}],"curies":[{"name":"wp","href":"https:\/\/api.w.org\/{rel}","templated":true}]}}