{"id":311,"date":"2025-06-12T12:20:21","date_gmt":"2025-06-12T12:20:21","guid":{"rendered":"https:\/\/gestoriacano.com\/?page_id=311"},"modified":"2025-07-11T06:15:34","modified_gmt":"2025-07-11T06:15:34","slug":"condiciones-de-uso","status":"publish","type":"page","link":"https:\/\/gestoriacano.com\/en\/condiciones-de-uso\/","title":{"rendered":"Condiciones de uso"},"content":{"rendered":"<div data-elementor-type=\"wp-page\" data-elementor-id=\"311\" class=\"elementor elementor-311\">\n\t\t\t\t<div class=\"elementor-element elementor-element-85d2e5a e-flex e-con-boxed wpr-particle-no wpr-jarallax-no wpr-parallax-no wpr-sticky-section-no e-con e-parent\" data-id=\"85d2e5a\" data-element_type=\"container\" data-settings=\"{&quot;background_background&quot;:&quot;classic&quot;}\">\n\t\t\t\t\t<div class=\"e-con-inner\">\n\t\t\t\t<div class=\"elementor-element elementor-element-9da028a elementor-widget elementor-widget-spacer\" data-id=\"9da028a\" data-element_type=\"widget\" data-widget_type=\"spacer.default\">\n\t\t\t\t<div class=\"elementor-widget-container\">\n\t\t\t\t\t\t\t<div class=\"elementor-spacer\">\n\t\t\t<div class=\"elementor-spacer-inner\"><\/div>\n\t\t<\/div>\n\t\t\t\t\t\t<\/div>\n\t\t\t\t<\/div>\n\t\t\t\t\t<\/div>\n\t\t\t\t<\/div>\n\t\t<div class=\"elementor-element elementor-element-bf65def e-flex e-con-boxed wpr-particle-no wpr-jarallax-no wpr-parallax-no wpr-sticky-section-no e-con e-parent\" data-id=\"bf65def\" data-element_type=\"container\" data-settings=\"{&quot;background_background&quot;:&quot;classic&quot;}\">\n\t\t\t\t\t<div class=\"e-con-inner\">\n\t\t\t\t<div class=\"elementor-element elementor-element-898dd65 elementor-widget elementor-widget-text-editor\" data-id=\"898dd65\" data-element_type=\"widget\" data-widget_type=\"text-editor.default\">\n\t\t\t\t<div class=\"elementor-widget-container\">\n\t\t\t\t\t\t\t\t\t<h1><span style=\"font-family: Poppins; color: #800000;\">Condiciones de uso<\/span><\/h1><p class=\"my-0\"><span style=\"font-family: Poppins; color: #d5d5d5;\"><strong>1. Objeto<\/strong><\/span><\/p><p class=\"my-0\"><span style=\"font-family: Poppins; color: #d5d5d5;\">Estas condiciones regulan el acceso y uso del sitio web Gestoria Cano (en adelante, \u201cel Sitio Web\u201d), titularidad de Gestoria J Cano S.L, con domicilio en C\/ Miguel de Cervantes N\u00ba10, y CIF B23509912.<\/span><\/p><p class=\"my-0\"><span style=\"font-family: Poppins; color: #d5d5d5;\"><strong>2. Aceptaci\u00f3n del usuario<\/strong><\/span><\/p><p class=\"my-0\"><span style=\"font-family: Poppins; color: #d5d5d5;\">El acceso y\/o uso del Sitio Web atribuye la condici\u00f3n de usuario, quien acepta, desde dicho acceso y\/o uso, las presentes condiciones de uso.<\/span><\/p><p class=\"my-0\"><span style=\"font-family: Poppins; color: #d5d5d5;\"><strong>3. Uso del sitio web<\/strong><\/span><\/p><p class=\"my-0\"><span style=\"font-family: Poppins; color: #d5d5d5;\">El usuario se compromete a utilizar el Sitio Web, sus servicios y contenidos de conformidad con la ley, la moral, el orden p\u00fablico y las presentes condiciones. Queda prohibido el uso del Sitio Web con fines il\u00edcitos, lesivos de derechos o intereses de terceros, o que de cualquier forma puedan da\u00f1ar, inutilizar o deteriorar el Sitio Web.<\/span><\/p><p class=\"my-0\"><span style=\"font-family: Poppins; color: #d5d5d5;\"><strong>4. Propiedad intelectual e industrial<\/strong><\/span><\/p><p class=\"my-0\"><span style=\"font-family: Poppins; color: #d5d5d5;\">Todos los contenidos del Sitio Web (textos, im\u00e1genes, marcas, logotipos, archivos de software, combinaciones de colores, etc.) son propiedad de Gestoria J Cano S.L o de terceros, estando protegidos por la normativa de propiedad intelectual e industrial. Queda prohibida su reproducci\u00f3n, distribuci\u00f3n o modificaci\u00f3n sin autorizaci\u00f3n expresa.<\/span><\/p><p class=\"my-0\"><span style=\"font-family: Poppins; color: #d5d5d5;\"><strong>5. Responsabilidad<\/strong><\/span><\/p><p class=\"my-0\"><span style=\"font-family: Poppins; color: #d5d5d5;\">Gestoria J Cano S.L no se hace responsable de los da\u00f1os o perjuicios derivados del uso del Sitio Web, ni de la informaci\u00f3n contenida en enlaces a sitios externos, sobre los que no tiene control alguno.<\/span><\/p><p class=\"my-0\"><span style=\"font-family: Poppins; color: #d5d5d5;\"><strong>6. Protecci\u00f3n de datos<\/strong><\/span><\/p><p class=\"my-0\"><span style=\"font-family: Poppins; color: #d5d5d5;\">El tratamiento de los datos personales se regir\u00e1 por lo dispuesto en la Pol\u00edtica de Privacidad, disponible en el Sitio Web.<\/span><\/p><p class=\"my-0\"><span style=\"font-family: Poppins; color: #d5d5d5;\"><strong>7. Modificaciones<\/strong><\/span><\/p><p class=\"my-0\"><span style=\"font-family: Poppins; color: #d5d5d5;\">Gestoria J Cano S.L se reserva el derecho de modificar en cualquier momento las presentes condiciones de uso, as\u00ed como la presentaci\u00f3n, configuraci\u00f3n y contenido del Sitio Web.<\/span><\/p><p class=\"my-0\"><span style=\"font-family: Poppins; color: #d5d5d5;\"><strong>8. Legislaci\u00f3n aplicable y jurisdicci\u00f3n<\/strong><\/span><\/p><p class=\"my-0\"><span style=\"font-family: Poppins; color: #d5d5d5;\">Estas condiciones se rigen por la legislaci\u00f3n espa\u00f1ola. Para cualquier controversia que pudiera derivarse del acceso o uso del Sitio Web, las partes se someten a los juzgados y tribunales de Alcal\u00e1 la Real.<\/span><\/p>\t\t\t\t\t\t\t\t<\/div>\n\t\t\t\t<\/div>\n\t\t\t\t\t<\/div>\n\t\t\t\t<\/div>\n\t\t<div class=\"elementor-element elementor-element-7fa9570 e-flex e-con-boxed wpr-particle-no wpr-jarallax-no wpr-parallax-no wpr-sticky-section-no e-con e-parent\" data-id=\"7fa9570\" data-element_type=\"container\" data-settings=\"{&quot;background_background&quot;:&quot;classic&quot;}\">\n\t\t\t\t\t<div class=\"e-con-inner\">\n\t\t\t\t<div class=\"elementor-element elementor-element-b999cdd elementor-widget elementor-widget-spacer\" data-id=\"b999cdd\" data-element_type=\"widget\" data-widget_type=\"spacer.default\">\n\t\t\t\t<div class=\"elementor-widget-container\">\n\t\t\t\t\t\t\t<div class=\"elementor-spacer\">\n\t\t\t<div class=\"elementor-spacer-inner\"><\/div>\n\t\t<\/div>\n\t\t\t\t\t\t<\/div>\n\t\t\t\t<\/div>\n\t\t\t\t\t<\/div>\n\t\t\t\t<\/div>\n\t\t\t\t<\/div>","protected":false},"excerpt":{"rendered":"<p>Condiciones de uso 1. Objeto Estas condiciones regulan el acceso y uso del sitio web Gestoria Cano (en adelante, \u201cel Sitio Web\u201d), titularidad de Gestoria J Cano S.L, con domicilio en C\/ Miguel de Cervantes N\u00ba10, y CIF B23509912. 2. Aceptaci\u00f3n del usuario El acceso y\/o uso del Sitio Web atribuye la condici\u00f3n de usuario, quien acepta, desde dicho acceso y\/o uso, las presentes condiciones de uso. 3. Uso del sitio web El usuario se<\/p>","protected":false},"author":1,"featured_media":0,"parent":0,"menu_order":0,"comment_status":"closed","ping_status":"closed","template":"","meta":{"footnotes":""},"class_list":["post-311","page","type-page","status-publish","hentry"],"yoast_head":"<!-- This site is optimized with the Yoast SEO plugin v26.5 - https:\/\/yoast.com\/wordpress\/plugins\/seo\/ -->\n<title>Condiciones de uso - Gestoria Cano<\/title>\n<meta name=\"robots\" content=\"index, follow, max-snippet:-1, max-image-preview:large, max-video-preview:-1\" \/>\n<link rel=\"canonical\" href=\"https:\/\/gestoriacano.com\/en\/condiciones-de-uso\/\" \/>\n<meta property=\"og:locale\" content=\"en_GB\" \/>\n<meta property=\"og:type\" content=\"article\" \/>\n<meta property=\"og:title\" content=\"Condiciones de uso - Gestoria Cano\" \/>\n<meta property=\"og:description\" content=\"Condiciones de uso 1. Objeto Estas condiciones regulan el acceso y uso del sitio web Gestoria Cano (en adelante, \u201cel Sitio Web\u201d), titularidad de Gestoria J Cano S.L, con domicilio en C\/ Miguel de Cervantes N\u00ba10, y CIF B23509912. 2. Aceptaci\u00f3n del usuario El acceso y\/o uso del Sitio Web atribuye la condici\u00f3n de usuario, quien acepta, desde dicho acceso y\/o uso, las presentes condiciones de uso. 3. Uso del sitio web El usuario se\" \/>\n<meta property=\"og:url\" content=\"https:\/\/gestoriacano.com\/en\/condiciones-de-uso\/\" \/>\n<meta property=\"og:site_name\" content=\"Gestoria Cano\" \/>\n<meta property=\"article:modified_time\" content=\"2025-07-11T06:15:34+00:00\" \/>\n<meta name=\"twitter:card\" content=\"summary_large_image\" \/>\n<meta name=\"twitter:label1\" content=\"Estimated reading time\" \/>\n\t<meta name=\"twitter:data1\" content=\"2 minutes\" \/>\n<script type=\"application\/ld+json\" class=\"yoast-schema-graph\">{\"@context\":\"https:\/\/schema.org\",\"@graph\":[{\"@type\":\"WebPage\",\"@id\":\"https:\/\/gestoriacano.com\/condiciones-de-uso\/\",\"url\":\"https:\/\/gestoriacano.com\/condiciones-de-uso\/\",\"name\":\"Condiciones de uso - Gestoria Cano\",\"isPartOf\":{\"@id\":\"https:\/\/gestoriacano.com\/#website\"},\"datePublished\":\"2025-06-12T12:20:21+00:00\",\"dateModified\":\"2025-07-11T06:15:34+00:00\",\"breadcrumb\":{\"@id\":\"https:\/\/gestoriacano.com\/condiciones-de-uso\/#breadcrumb\"},\"inLanguage\":\"en-GB\",\"potentialAction\":[{\"@type\":\"ReadAction\",\"target\":[\"https:\/\/gestoriacano.com\/condiciones-de-uso\/\"]}]},{\"@type\":\"BreadcrumbList\",\"@id\":\"https:\/\/gestoriacano.com\/condiciones-de-uso\/#breadcrumb\",\"itemListElement\":[{\"@type\":\"ListItem\",\"position\":1,\"name\":\"Portada\",\"item\":\"https:\/\/gestoriacano.com\/\"},{\"@type\":\"ListItem\",\"position\":2,\"name\":\"Condiciones de uso\"}]},{\"@type\":\"WebSite\",\"@id\":\"https:\/\/gestoriacano.com\/#website\",\"url\":\"https:\/\/gestoriacano.com\/\",\"name\":\"Gestoria Cano\",\"description\":\"Gestor\u00eda Fiscal, Laboral y contable GESTORIA J. CANO S.L\",\"publisher\":{\"@id\":\"https:\/\/gestoriacano.com\/#organization\"},\"potentialAction\":[{\"@type\":\"SearchAction\",\"target\":{\"@type\":\"EntryPoint\",\"urlTemplate\":\"https:\/\/gestoriacano.com\/?s={search_term_string}\"},\"query-input\":{\"@type\":\"PropertyValueSpecification\",\"valueRequired\":true,\"valueName\":\"search_term_string\"}}],\"inLanguage\":\"en-GB\"},{\"@type\":\"Organization\",\"@id\":\"https:\/\/gestoriacano.com\/#organization\",\"name\":\"Gestoria Cano\",\"url\":\"https:\/\/gestoriacano.com\/\",\"logo\":{\"@type\":\"ImageObject\",\"inLanguage\":\"en-GB\",\"@id\":\"https:\/\/gestoriacano.com\/#\/schema\/logo\/image\/\",\"url\":\"https:\/\/gestoriacano.com\/wp-content\/uploads\/2025\/06\/cropped-cropped-464468594_3050948981728615_1114534960744158838_n.jpg\",\"contentUrl\":\"https:\/\/gestoriacano.com\/wp-content\/uploads\/2025\/06\/cropped-cropped-464468594_3050948981728615_1114534960744158838_n.jpg\",\"width\":512,\"height\":147,\"caption\":\"Gestoria Cano\"},\"image\":{\"@id\":\"https:\/\/gestoriacano.com\/#\/schema\/logo\/image\/\"}}]}<\/script>\n<!-- \/ Yoast SEO plugin. -->","yoast_head_json":{"title":"Condiciones de uso - Gestoria Cano","robots":{"index":"index","follow":"follow","max-snippet":"max-snippet:-1","max-image-preview":"max-image-preview:large","max-video-preview":"max-video-preview:-1"},"canonical":"https:\/\/gestoriacano.com\/en\/condiciones-de-uso\/","og_locale":"en_GB","og_type":"article","og_title":"Condiciones de uso - Gestoria Cano","og_description":"Condiciones de uso 1. Objeto Estas condiciones regulan el acceso y uso del sitio web Gestoria Cano (en adelante, \u201cel Sitio Web\u201d), titularidad de Gestoria J Cano S.L, con domicilio en C\/ Miguel de Cervantes N\u00ba10, y CIF B23509912. 2. Aceptaci\u00f3n del usuario El acceso y\/o uso del Sitio Web atribuye la condici\u00f3n de usuario, quien acepta, desde dicho acceso y\/o uso, las presentes condiciones de uso. 3. Uso del sitio web El usuario se","og_url":"https:\/\/gestoriacano.com\/en\/condiciones-de-uso\/","og_site_name":"Gestoria Cano","article_modified_time":"2025-07-11T06:15:34+00:00","twitter_card":"summary_large_image","twitter_misc":{"Estimated reading time":"2 minutes"},"schema":{"@context":"https:\/\/schema.org","@graph":[{"@type":"WebPage","@id":"https:\/\/gestoriacano.com\/condiciones-de-uso\/","url":"https:\/\/gestoriacano.com\/condiciones-de-uso\/","name":"Condiciones de uso - Gestoria Cano","isPartOf":{"@id":"https:\/\/gestoriacano.com\/#website"},"datePublished":"2025-06-12T12:20:21+00:00","dateModified":"2025-07-11T06:15:34+00:00","breadcrumb":{"@id":"https:\/\/gestoriacano.com\/condiciones-de-uso\/#breadcrumb"},"inLanguage":"en-GB","potentialAction":[{"@type":"ReadAction","target":["https:\/\/gestoriacano.com\/condiciones-de-uso\/"]}]},{"@type":"BreadcrumbList","@id":"https:\/\/gestoriacano.com\/condiciones-de-uso\/#breadcrumb","itemListElement":[{"@type":"ListItem","position":1,"name":"Portada","item":"https:\/\/gestoriacano.com\/"},{"@type":"ListItem","position":2,"name":"Condiciones de uso"}]},{"@type":"WebSite","@id":"https:\/\/gestoriacano.com\/#website","url":"https:\/\/gestoriacano.com\/","name":"Gestoria Cano","description":"Gestor\u00eda Fiscal, Laboral y contable GESTORIA J. CANO S.L","publisher":{"@id":"https:\/\/gestoriacano.com\/#organization"},"potentialAction":[{"@type":"SearchAction","target":{"@type":"EntryPoint","urlTemplate":"https:\/\/gestoriacano.com\/?s={search_term_string}"},"query-input":{"@type":"PropertyValueSpecification","valueRequired":true,"valueName":"search_term_string"}}],"inLanguage":"en-GB"},{"@type":"Organization","@id":"https:\/\/gestoriacano.com\/#organization","name":"Gestoria Cano","url":"https:\/\/gestoriacano.com\/","logo":{"@type":"ImageObject","inLanguage":"en-GB","@id":"https:\/\/gestoriacano.com\/#\/schema\/logo\/image\/","url":"https:\/\/gestoriacano.com\/wp-content\/uploads\/2025\/06\/cropped-cropped-464468594_3050948981728615_1114534960744158838_n.jpg","contentUrl":"https:\/\/gestoriacano.com\/wp-content\/uploads\/2025\/06\/cropped-cropped-464468594_3050948981728615_1114534960744158838_n.jpg","width":512,"height":147,"caption":"Gestoria Cano"},"image":{"@id":"https:\/\/gestoriacano.com\/#\/schema\/logo\/image\/"}}]}},"_links":{"self":[{"href":"https:\/\/gestoriacano.com\/en\/wp-json\/wp\/v2\/pages\/311","targetHints":{"allow":["GET"]}}],"collection":[{"href":"https:\/\/gestoriacano.com\/en\/wp-json\/wp\/v2\/pages"}],"about":[{"href":"https:\/\/gestoriacano.com\/en\/wp-json\/wp\/v2\/types\/page"}],"author":[{"embeddable":true,"href":"https:\/\/gestoriacano.com\/en\/wp-json\/wp\/v2\/users\/1"}],"replies":[{"embeddable":true,"href":"https:\/\/gestoriacano.com\/en\/wp-json\/wp\/v2\/comments?post=311"}],"version-history":[{"count":18,"href":"https:\/\/gestoriacano.com\/en\/wp-json\/wp\/v2\/pages\/311\/revisions"}],"predecessor-version":[{"id":1549,"href":"https:\/\/gestoriacano.com\/en\/wp-json\/wp\/v2\/pages\/311\/revisions\/1549"}],"wp:attachment":[{"href":"https:\/\/gestoriacano.com\/en\/wp-json\/wp\/v2\/media?parent=311"}],"curies":[{"name":"wp","href":"https:\/\/api.w.org\/{rel}","templated":true}]}}