{"id":31,"date":"2025-06-10T12:08:27","date_gmt":"2025-06-10T12:08:27","guid":{"rendered":"https:\/\/gestoriacano.com\/index.php\/wpfsam-login-files-access\/"},"modified":"2025-07-10T12:46:42","modified_gmt":"2025-07-10T12:46:42","slug":"login-fichero","status":"publish","type":"page","link":"https:\/\/gestoriacano.com\/en\/login-fichero\/","title":{"rendered":"Login &#8211; Fichero"},"content":{"rendered":"<div data-elementor-type=\"wp-page\" data-elementor-id=\"31\" class=\"elementor elementor-31\">\n\t\t\t\t<div class=\"elementor-element elementor-element-434e9ef e-flex e-con-boxed wpr-particle-no wpr-jarallax-no wpr-parallax-no wpr-sticky-section-no e-con e-parent\" data-id=\"434e9ef\" data-element_type=\"container\" data-settings=\"{&quot;background_background&quot;:&quot;classic&quot;}\">\n\t\t\t\t\t<div class=\"e-con-inner\">\n\t\t\t\t<div class=\"elementor-element elementor-element-4d4ebcd elementor-widget elementor-widget-spacer\" data-id=\"4d4ebcd\" data-element_type=\"widget\" data-widget_type=\"spacer.default\">\n\t\t\t\t<div class=\"elementor-widget-container\">\n\t\t\t\t\t\t\t<div class=\"elementor-spacer\">\n\t\t\t<div class=\"elementor-spacer-inner\"><\/div>\n\t\t<\/div>\n\t\t\t\t\t\t<\/div>\n\t\t\t\t<\/div>\n\t\t\t\t\t<\/div>\n\t\t\t\t<\/div>\n\t\t<div class=\"elementor-element elementor-element-2bcd6e2 e-grid e-con-boxed wpr-particle-no wpr-jarallax-no wpr-parallax-no wpr-sticky-section-no e-con e-parent\" data-id=\"2bcd6e2\" data-element_type=\"container\" data-settings=\"{&quot;background_background&quot;:&quot;classic&quot;}\">\n\t\t\t\t\t<div class=\"e-con-inner\">\n\t\t<div class=\"elementor-element elementor-element-f4b75eb e-con-full e-flex wpr-particle-no wpr-jarallax-no wpr-parallax-no wpr-sticky-section-no e-con e-child\" data-id=\"f4b75eb\" data-element_type=\"container\">\n\t\t\t\t<div class=\"elementor-element elementor-element-ad99827 elementor-widget elementor-widget-heading\" data-id=\"ad99827\" data-element_type=\"widget\" data-widget_type=\"heading.default\">\n\t\t\t\t<div class=\"elementor-widget-container\">\n\t\t\t\t\t<h2 class=\"elementor-heading-title elementor-size-default\">Zona clientes<\/h2>\t\t\t\t<\/div>\n\t\t\t\t<\/div>\n\t\t\t\t<div class=\"elementor-element elementor-element-5c40680 elementor-widget elementor-widget-text-editor\" data-id=\"5c40680\" data-element_type=\"widget\" data-widget_type=\"text-editor.default\">\n\t\t\t\t<div class=\"elementor-widget-container\">\n\t\t\t\t\t\t\t\t\t<p><span style=\"font-family: Poppins; color: #d5d5d5;\"><strong data-start=\"141\" data-end=\"194\">Bienvenido a tu zona de cliente en Gestor\u00eda Cano.<\/strong><\/span><\/p><p><br data-start=\"194\" data-end=\"197\" \/><span style=\"font-family: Poppins; color: #d5d5d5;\">Por favor, introduce tu correo electr\u00f3nico y contrase\u00f1a para acceder y visualizar tus ficheros.<\/span><\/p><p><br data-start=\"292\" data-end=\"295\" \/><span style=\"font-family: Poppins; color: #d5d5d5;\">Si has olvidado tu contrase\u00f1a, no dudes en restaurarla t\u00fa mismo de forma r\u00e1pida y sencilla.<\/span><\/p>\t\t\t\t\t\t\t\t<\/div>\n\t\t\t\t<\/div>\n\t\t\t\t<\/div>\n\t\t\t\t<div class=\"elementor-element elementor-element-9d7f701 elementor-widget elementor-widget-shortcode\" data-id=\"9d7f701\" data-element_type=\"widget\" data-widget_type=\"shortcode.default\">\n\t\t\t\t<div class=\"elementor-widget-container\">\n\t\t\t\t\t\t\t<div class=\"elementor-shortcode\"><form method=\"POST\" action=\"\" id=\"cg-login-form\" data-trp-original-action=\"\">\n    <dl>\n        <dt>Correo electronico<\/dt>\n        <dd><input type=\"email\" required=\"required\" name=\"login_email\" \/><\/dd>\n\n        <dt>Contrase\u00f1a<\/dt>\n        <dd><input type=\"password\" required=\"required\" name=\"login_password\" \/><\/dd>\n\n        <dt>\n            <input type=\"submit\" name=\"cg-sb-login\" value=\"Loguearse\" \/><br \/>\n            \u00bfOlvido la contrase\u00f1a? <a href=\"https:\/\/gestoriacano.com\/en\/restaurar-contrasena\">Haz clic aqui<\/a>\n        <\/dt>\n    <\/dl>\n<input type=\"hidden\" name=\"trp-form-language\" value=\"en\"\/><\/form>\n\n<\/div>\n\t\t\t\t\t\t<\/div>\n\t\t\t\t<\/div>\n\t\t\t\t\t<\/div>\n\t\t\t\t<\/div>\n\t\t<div class=\"elementor-element elementor-element-2a8990c e-flex e-con-boxed wpr-particle-no wpr-jarallax-no wpr-parallax-no wpr-sticky-section-no e-con e-parent\" data-id=\"2a8990c\" data-element_type=\"container\" data-settings=\"{&quot;background_background&quot;:&quot;classic&quot;}\">\n\t\t\t\t\t<div class=\"e-con-inner\">\n\t\t\t\t<div class=\"elementor-element elementor-element-2da2e58 elementor-widget elementor-widget-spacer\" data-id=\"2da2e58\" data-element_type=\"widget\" data-widget_type=\"spacer.default\">\n\t\t\t\t<div class=\"elementor-widget-container\">\n\t\t\t\t\t\t\t<div class=\"elementor-spacer\">\n\t\t\t<div class=\"elementor-spacer-inner\"><\/div>\n\t\t<\/div>\n\t\t\t\t\t\t<\/div>\n\t\t\t\t<\/div>\n\t\t\t\t\t<\/div>\n\t\t\t\t<\/div>\n\t\t\t\t<\/div>","protected":false},"excerpt":{"rendered":"<p>Zona clientes Bienvenido a tu zona de cliente en Gestor\u00eda Cano. Por favor, introduce tu correo electr\u00f3nico y contrase\u00f1a para acceder y visualizar tus ficheros. Si has olvidado tu contrase\u00f1a, no dudes en restaurarla t\u00fa mismo de forma r\u00e1pida y sencilla.<\/p>","protected":false},"author":1,"featured_media":0,"parent":0,"menu_order":0,"comment_status":"closed","ping_status":"closed","template":"","meta":{"footnotes":""},"class_list":["post-31","page","type-page","status-publish","hentry"],"yoast_head":"<!-- This site is optimized with the Yoast SEO plugin v26.5 - https:\/\/yoast.com\/wordpress\/plugins\/seo\/ -->\n<title>Login - Fichero - Gestoria Cano<\/title>\n<meta name=\"robots\" content=\"index, follow, max-snippet:-1, max-image-preview:large, max-video-preview:-1\" \/>\n<link rel=\"canonical\" href=\"https:\/\/gestoriacano.com\/en\/login-fichero\/\" \/>\n<meta property=\"og:locale\" content=\"en_GB\" \/>\n<meta property=\"og:type\" content=\"article\" \/>\n<meta property=\"og:title\" content=\"Login - Fichero - Gestoria Cano\" \/>\n<meta property=\"og:description\" content=\"Zona clientes Bienvenido a tu zona de cliente en Gestor\u00eda Cano. Por favor, introduce tu correo electr\u00f3nico y contrase\u00f1a para acceder y visualizar tus ficheros. Si has olvidado tu contrase\u00f1a, no dudes en restaurarla t\u00fa mismo de forma r\u00e1pida y sencilla.\" \/>\n<meta property=\"og:url\" content=\"https:\/\/gestoriacano.com\/en\/login-fichero\/\" \/>\n<meta property=\"og:site_name\" content=\"Gestoria Cano\" \/>\n<meta property=\"article:modified_time\" content=\"2025-07-10T12:46:42+00:00\" \/>\n<meta name=\"twitter:card\" content=\"summary_large_image\" \/>\n<meta name=\"twitter:label1\" content=\"Estimated reading time\" \/>\n\t<meta name=\"twitter:data1\" content=\"1 minute\" \/>\n<script type=\"application\/ld+json\" class=\"yoast-schema-graph\">{\"@context\":\"https:\/\/schema.org\",\"@graph\":[{\"@type\":\"WebPage\",\"@id\":\"https:\/\/gestoriacano.com\/login-fichero\/\",\"url\":\"https:\/\/gestoriacano.com\/login-fichero\/\",\"name\":\"Login - Fichero - Gestoria Cano\",\"isPartOf\":{\"@id\":\"https:\/\/gestoriacano.com\/#website\"},\"datePublished\":\"2025-06-10T12:08:27+00:00\",\"dateModified\":\"2025-07-10T12:46:42+00:00\",\"breadcrumb\":{\"@id\":\"https:\/\/gestoriacano.com\/login-fichero\/#breadcrumb\"},\"inLanguage\":\"en-GB\",\"potentialAction\":[{\"@type\":\"ReadAction\",\"target\":[\"https:\/\/gestoriacano.com\/login-fichero\/\"]}]},{\"@type\":\"BreadcrumbList\",\"@id\":\"https:\/\/gestoriacano.com\/login-fichero\/#breadcrumb\",\"itemListElement\":[{\"@type\":\"ListItem\",\"position\":1,\"name\":\"Portada\",\"item\":\"https:\/\/gestoriacano.com\/\"},{\"@type\":\"ListItem\",\"position\":2,\"name\":\"Login &#8211; Fichero\"}]},{\"@type\":\"WebSite\",\"@id\":\"https:\/\/gestoriacano.com\/#website\",\"url\":\"https:\/\/gestoriacano.com\/\",\"name\":\"Gestoria Cano\",\"description\":\"Gestor\u00eda Fiscal, Laboral y contable GESTORIA J. CANO S.L\",\"publisher\":{\"@id\":\"https:\/\/gestoriacano.com\/#organization\"},\"potentialAction\":[{\"@type\":\"SearchAction\",\"target\":{\"@type\":\"EntryPoint\",\"urlTemplate\":\"https:\/\/gestoriacano.com\/?s={search_term_string}\"},\"query-input\":{\"@type\":\"PropertyValueSpecification\",\"valueRequired\":true,\"valueName\":\"search_term_string\"}}],\"inLanguage\":\"en-GB\"},{\"@type\":\"Organization\",\"@id\":\"https:\/\/gestoriacano.com\/#organization\",\"name\":\"Gestoria Cano\",\"url\":\"https:\/\/gestoriacano.com\/\",\"logo\":{\"@type\":\"ImageObject\",\"inLanguage\":\"en-GB\",\"@id\":\"https:\/\/gestoriacano.com\/#\/schema\/logo\/image\/\",\"url\":\"https:\/\/gestoriacano.com\/wp-content\/uploads\/2025\/06\/cropped-cropped-464468594_3050948981728615_1114534960744158838_n.jpg\",\"contentUrl\":\"https:\/\/gestoriacano.com\/wp-content\/uploads\/2025\/06\/cropped-cropped-464468594_3050948981728615_1114534960744158838_n.jpg\",\"width\":512,\"height\":147,\"caption\":\"Gestoria Cano\"},\"image\":{\"@id\":\"https:\/\/gestoriacano.com\/#\/schema\/logo\/image\/\"}}]}<\/script>\n<!-- \/ Yoast SEO plugin. -->","yoast_head_json":{"title":"Login - Fichero - Gestoria Cano","robots":{"index":"index","follow":"follow","max-snippet":"max-snippet:-1","max-image-preview":"max-image-preview:large","max-video-preview":"max-video-preview:-1"},"canonical":"https:\/\/gestoriacano.com\/en\/login-fichero\/","og_locale":"en_GB","og_type":"article","og_title":"Login - Fichero - Gestoria Cano","og_description":"Zona clientes Bienvenido a tu zona de cliente en Gestor\u00eda Cano. Por favor, introduce tu correo electr\u00f3nico y contrase\u00f1a para acceder y visualizar tus ficheros. Si has olvidado tu contrase\u00f1a, no dudes en restaurarla t\u00fa mismo de forma r\u00e1pida y sencilla.","og_url":"https:\/\/gestoriacano.com\/en\/login-fichero\/","og_site_name":"Gestoria Cano","article_modified_time":"2025-07-10T12:46:42+00:00","twitter_card":"summary_large_image","twitter_misc":{"Estimated reading time":"1 minute"},"schema":{"@context":"https:\/\/schema.org","@graph":[{"@type":"WebPage","@id":"https:\/\/gestoriacano.com\/login-fichero\/","url":"https:\/\/gestoriacano.com\/login-fichero\/","name":"Login - Fichero - Gestoria Cano","isPartOf":{"@id":"https:\/\/gestoriacano.com\/#website"},"datePublished":"2025-06-10T12:08:27+00:00","dateModified":"2025-07-10T12:46:42+00:00","breadcrumb":{"@id":"https:\/\/gestoriacano.com\/login-fichero\/#breadcrumb"},"inLanguage":"en-GB","potentialAction":[{"@type":"ReadAction","target":["https:\/\/gestoriacano.com\/login-fichero\/"]}]},{"@type":"BreadcrumbList","@id":"https:\/\/gestoriacano.com\/login-fichero\/#breadcrumb","itemListElement":[{"@type":"ListItem","position":1,"name":"Portada","item":"https:\/\/gestoriacano.com\/"},{"@type":"ListItem","position":2,"name":"Login &#8211; Fichero"}]},{"@type":"WebSite","@id":"https:\/\/gestoriacano.com\/#website","url":"https:\/\/gestoriacano.com\/","name":"Gestoria Cano","description":"Gestor\u00eda Fiscal, Laboral y contable GESTORIA J. CANO S.L","publisher":{"@id":"https:\/\/gestoriacano.com\/#organization"},"potentialAction":[{"@type":"SearchAction","target":{"@type":"EntryPoint","urlTemplate":"https:\/\/gestoriacano.com\/?s={search_term_string}"},"query-input":{"@type":"PropertyValueSpecification","valueRequired":true,"valueName":"search_term_string"}}],"inLanguage":"en-GB"},{"@type":"Organization","@id":"https:\/\/gestoriacano.com\/#organization","name":"Gestoria Cano","url":"https:\/\/gestoriacano.com\/","logo":{"@type":"ImageObject","inLanguage":"en-GB","@id":"https:\/\/gestoriacano.com\/#\/schema\/logo\/image\/","url":"https:\/\/gestoriacano.com\/wp-content\/uploads\/2025\/06\/cropped-cropped-464468594_3050948981728615_1114534960744158838_n.jpg","contentUrl":"https:\/\/gestoriacano.com\/wp-content\/uploads\/2025\/06\/cropped-cropped-464468594_3050948981728615_1114534960744158838_n.jpg","width":512,"height":147,"caption":"Gestoria Cano"},"image":{"@id":"https:\/\/gestoriacano.com\/#\/schema\/logo\/image\/"}}]}},"_links":{"self":[{"href":"https:\/\/gestoriacano.com\/en\/wp-json\/wp\/v2\/pages\/31","targetHints":{"allow":["GET"]}}],"collection":[{"href":"https:\/\/gestoriacano.com\/en\/wp-json\/wp\/v2\/pages"}],"about":[{"href":"https:\/\/gestoriacano.com\/en\/wp-json\/wp\/v2\/types\/page"}],"author":[{"embeddable":true,"href":"https:\/\/gestoriacano.com\/en\/wp-json\/wp\/v2\/users\/1"}],"replies":[{"embeddable":true,"href":"https:\/\/gestoriacano.com\/en\/wp-json\/wp\/v2\/comments?post=31"}],"version-history":[{"count":16,"href":"https:\/\/gestoriacano.com\/en\/wp-json\/wp\/v2\/pages\/31\/revisions"}],"predecessor-version":[{"id":1519,"href":"https:\/\/gestoriacano.com\/en\/wp-json\/wp\/v2\/pages\/31\/revisions\/1519"}],"wp:attachment":[{"href":"https:\/\/gestoriacano.com\/en\/wp-json\/wp\/v2\/media?parent=31"}],"curies":[{"name":"wp","href":"https:\/\/api.w.org\/{rel}","templated":true}]}}